{"id":5737,"date":"2023-07-28T15:38:25","date_gmt":"2023-07-28T06:08:25","guid":{"rendered":"https:\/\/curric.uhs.sa.edu.au\/?page_id=5737"},"modified":"2025-07-20T12:49:31","modified_gmt":"2025-07-20T03:19:31","slug":"year-10-french-bilingual-binational-programme","status":"publish","type":"page","link":"https:\/\/curric.uhs.sa.edu.au\/index.php\/year-10-french-bilingual-binational-programme\/","title":{"rendered":"Year 10 French (FBBP)"},"content":{"rendered":"\n<p><strong>Level:\u00a0<\/strong>Year 10<\/p>\n\n\n\n<p><strong>Length:\u00a0<\/strong>Full Year<\/p>\n\n\n\n<p>This subject is part of the French Bilingual\/Binational Program and is taught entirely in French.<\/p>\n\n\n\n<p><strong>Prerequisite:<\/strong><\/p>\n\n\n\n<p>Students must have been accepted into the program to study this subject and have age-appropriate French.<\/p>\n\n\n\n<p><strong>Content:<\/strong><br><br>The Year 10 French Bilingual\/Binational Program is based on concepts identified in the Australian Curriculum and aims to develop students\u2019 knowledge, skills and understandings as described in the achievement standard for years 9 and 10.<\/p>\n\n\n\n<p>Topics studied:<\/p>\n\n\n\n<ul><li>Le th\u00e9\u00e2tre<\/li><li>L\u2019autobiographie<\/li><li>D\u00e9noncer les travers de la soci\u00e9t\u00e9<\/li><li>Progr\u00e8s et r\u00eave scientifique<\/li><\/ul>\n\n\n\n<div style=\"height:20px\" aria-hidden=\"true\" class=\"wp-block-spacer\"><\/div>\n\n\n\n<p><strong>Assessment:<\/strong><\/p>\n\n\n\n<p>Students\u2019 work will be assessed against the Australian Curriculum. Grades A to E will be used for reporting purposes.<\/p>\n\n\n\n<p><strong>Subject Fee<\/strong>: <\/p>\n\n\n\n<p>The subject fee is $200.<\/p>\n","protected":false},"excerpt":{"rendered":"<p>Level:\u00a0Year 10 Length:\u00a0Full Year This subject is part of the French Bilingual\/Binational Program and is taught entirely in French. Prerequisite: Students must have been accepted into the program to study this subject and have age-appropriate French. Content: The Year 10 French Bilingual\/Binational Program is based on concepts identified in the Australian Curriculum and aims to [&hellip;]<\/p>\n","protected":false},"author":7,"featured_media":0,"parent":0,"menu_order":0,"comment_status":"closed","ping_status":"closed","template":"","meta":[],"categories":[17],"tags":[],"_links":{"self":[{"href":"https:\/\/curric.uhs.sa.edu.au\/index.php\/wp-json\/wp\/v2\/pages\/5737"}],"collection":[{"href":"https:\/\/curric.uhs.sa.edu.au\/index.php\/wp-json\/wp\/v2\/pages"}],"about":[{"href":"https:\/\/curric.uhs.sa.edu.au\/index.php\/wp-json\/wp\/v2\/types\/page"}],"author":[{"embeddable":true,"href":"https:\/\/curric.uhs.sa.edu.au\/index.php\/wp-json\/wp\/v2\/users\/7"}],"replies":[{"embeddable":true,"href":"https:\/\/curric.uhs.sa.edu.au\/index.php\/wp-json\/wp\/v2\/comments?post=5737"}],"version-history":[{"count":9,"href":"https:\/\/curric.uhs.sa.edu.au\/index.php\/wp-json\/wp\/v2\/pages\/5737\/revisions"}],"predecessor-version":[{"id":6711,"href":"https:\/\/curric.uhs.sa.edu.au\/index.php\/wp-json\/wp\/v2\/pages\/5737\/revisions\/6711"}],"wp:attachment":[{"href":"https:\/\/curric.uhs.sa.edu.au\/index.php\/wp-json\/wp\/v2\/media?parent=5737"}],"wp:term":[{"taxonomy":"category","embeddable":true,"href":"https:\/\/curric.uhs.sa.edu.au\/index.php\/wp-json\/wp\/v2\/categories?post=5737"},{"taxonomy":"post_tag","embeddable":true,"href":"https:\/\/curric.uhs.sa.edu.au\/index.php\/wp-json\/wp\/v2\/tags?post=5737"}],"curies":[{"name":"wp","href":"https:\/\/api.w.org\/{rel}","templated":true}]}}